{"id":15,"date":"2025-07-22T12:44:07","date_gmt":"2025-07-22T10:44:07","guid":{"rendered":"https:\/\/sachalitvine35.wordpress.com\/?page_id=15"},"modified":"2025-11-23T11:27:09","modified_gmt":"2025-11-23T10:27:09","slug":"inde-du-nord","status":"publish","type":"page","link":"https:\/\/indepassion.com\/?page_id=15","title":{"rendered":"Inde du Nord ou Rajahstan"},"content":{"rendered":"\n<div class=\"wp-block-group has-border-color has-base-color has-text-color has-link-color has-body-font-family wp-elements-910d785ad81cfb0bbf794ef51e1e2030 is-vertical is-content-justification-center is-layout-flex wp-container-core-group-is-layout-10aa5bc5 wp-block-group-is-layout-flex has-background\" style=\"border-color:#faecd6;border-width:1px;border-radius:26px;min-height:321px;padding-top:var(--wp--preset--spacing--10);padding-right:0;padding-bottom:var(--wp--preset--spacing--10);padding-left:0;background-image:url(&#039;https:\/\/indepassion.com\/wp-content\/uploads\/2025\/10\/2-mehrangarh-fort-jodhpur-rajasthan-city-hero.jpeg&#039;);background-size:cover;\">\n<h2 class=\"wp-block-heading is-style-default has-base-color has-text-color has-link-color has-heading-font-family has-large-font-size wp-elements-c4210d870f7d262b71ef2e465eeeda02\" style=\"font-style:normal;font-weight:700\">Rajasthan \u2013 La Terre des Rois<\/h2>\n<\/div>\n\n\n\n<div style=\"height:var(--wp--preset--spacing--20)\" aria-hidden=\"true\" class=\"wp-block-spacer\"><\/div>\n\n\n\n<p class=\"has-contrast-color has-base-2-background-color has-text-color has-background has-link-color wp-elements-24316bc3558c082561a4755d4a6aac86\" style=\"border-style:none;border-width:0px;padding-top:0;padding-bottom:0\">Le Rajasthan, plus grand \u00c9tat de l\u2019Inde, est une terre o\u00f9 l\u2019histoire respire \u00e0 travers chaque fort, chaque palais et chaque rue. Connu comme la \u00ab Terre des Rois \u00bb, cet \u00c9tat d\u00e9sertique est un mus\u00e9e vivant de bravoure, de romance, de culture et de traditions. Des dunes dor\u00e9es de Jaisalmer aux majestueux palais de Jaipur, des lacs paisibles d\u2019Udaipur aux for\u00eats sauvages de Ranthambore, le Rajasthan offre un voyage inoubliable dans le pass\u00e9 royal de l\u2019Inde.<\/p>\n\n\n\n<hr class=\"wp-block-separator has-alpha-channel-opacity\"\/>\n\n\n\n<h2 class=\"wp-block-heading\">Un voyage \u00e0 travers l\u2019histoire et le patrimoine<\/h2>\n\n\n\n<div class=\"wp-block-media-text is-stacked-on-mobile is-image-fill-element has-base-background-color has-background\" style=\"border-radius:27px;grid-template-columns:49% auto\"><figure class=\"wp-block-media-text__media\"><img loading=\"lazy\" decoding=\"async\" width=\"768\" height=\"1024\" src=\"https:\/\/indepassion.com\/wp-content\/uploads\/2025\/10\/rajasthan-7861018_1920-edited-1-768x1024.jpg\" alt=\"\" class=\"wp-image-221 size-full\" style=\"object-position:50% 50%\" srcset=\"https:\/\/indepassion.com\/wp-content\/uploads\/2025\/10\/rajasthan-7861018_1920-edited-1-768x1024.jpg 768w, https:\/\/indepassion.com\/wp-content\/uploads\/2025\/10\/rajasthan-7861018_1920-edited-1-225x300.jpg 225w, https:\/\/indepassion.com\/wp-content\/uploads\/2025\/10\/rajasthan-7861018_1920-edited-1.jpg 1080w\" sizes=\"auto, (max-width: 768px) 100vw, 768px\" \/><\/figure><div class=\"wp-block-media-text__content\">\n<p class=\"has-medium-font-size\" style=\"padding-top:0;padding-bottom:0\">Le Rajasthan fut le si\u00e8ge de courageux guerriers et souverains rajpoutes dont les r\u00e9cits de bravoure, d\u2019honneur et de sacrifice r\u00e9sonnent encore dans ses forts et ses temples. La grandeur architecturale de l\u2019Amber Fort, du Mehrangarh Fort ou d&rsquo;autres raconte ces l\u00e9gendes h\u00e9ro\u00efques. Les palais refl\u00e8tent l\u2019opulence du m\u00e9lange architectural rajpoute et moghol.Se promener dans les vieilles villes de Jaipur, Jodhpur et Jaisalmer donne l\u2019impression de remonter le temps : ruelles \u00e9troites bord\u00e9es de bazars color\u00e9s, havelis finement d\u00e9cor\u00e9s et artisans perp\u00e9tuant des savoir-faire ancestraux.<\/p>\n<\/div><\/div>\n\n\n\n<hr class=\"wp-block-separator has-alpha-channel-opacity\"\/>\n\n\n\n<h2 class=\"wp-block-heading\">Culture et traditions<\/h2>\n\n\n\n<p>Le Rajasthan ne se r\u00e9sume pas \u00e0 ses monuments ; c\u2019est un v\u00e9ritable art de vivre. Les turbans color\u00e9s, les ghagras tourbillonnants, la musique folklorique et les danses envo\u00fbtantes comme le Ghoomar et le Kalbeliya font de cette r\u00e9gion un paradis culturel. Chaque festival\u2014qu\u2019il s\u2019agisse de la foire aux chameaux de Pushkar, du festival du d\u00e9sert de Jaisalmer, de Teej ou de Gangaur\u2014est c\u00e9l\u00e9br\u00e9 avec faste, musique et danse.<\/p>\n\n\n\n<div class=\"wp-block-media-text has-media-on-the-right is-stacked-on-mobile is-image-fill-element has-base-background-color has-background\" style=\"border-radius:27px;grid-template-columns:auto 58%\"><div class=\"wp-block-media-text__content\">\n<p style=\"border-radius:27px\">L\u2019\u00c9tat est \u00e9galement r\u00e9put\u00e9 pour son artisanat raffin\u00e9 : poterie bleue de Jaipur, impression au bloc de Sanganer, sculptures sur marbre, bijoux en meenakari, jootis en cuir et tapis admir\u00e9s dans le monde entier.<\/p>\n<\/div><figure class=\"wp-block-media-text__media\"><img loading=\"lazy\" decoding=\"async\" width=\"1024\" height=\"732\" src=\"https:\/\/indepassion.com\/wp-content\/uploads\/2025\/10\/woman-1824150_1280-1024x732.jpg\" alt=\"\" class=\"wp-image-203 size-full\" style=\"object-position:50% 50%\" srcset=\"https:\/\/indepassion.com\/wp-content\/uploads\/2025\/10\/woman-1824150_1280-1024x732.jpg 1024w, https:\/\/indepassion.com\/wp-content\/uploads\/2025\/10\/woman-1824150_1280-300x214.jpg 300w, https:\/\/indepassion.com\/wp-content\/uploads\/2025\/10\/woman-1824150_1280-768x549.jpg 768w, https:\/\/indepassion.com\/wp-content\/uploads\/2025\/10\/woman-1824150_1280.jpg 1280w\" sizes=\"auto, (max-width: 1024px) 100vw, 1024px\" \/><\/figure><\/div>\n\n\n\n<hr class=\"wp-block-separator has-alpha-channel-opacity\"\/>\n\n\n\n<h2 class=\"wp-block-heading\" style=\"writing-mode:horizontal-tb\">Beaut\u00e9s naturelles et faune<\/h2>\n\n\n\n<div class=\"wp-block-media-text is-stacked-on-mobile is-image-fill-element has-base-background-color has-background\" style=\"border-radius:27px\"><figure class=\"wp-block-media-text__media\"><img loading=\"lazy\" decoding=\"async\" width=\"961\" height=\"961\" src=\"https:\/\/indepassion.com\/wp-content\/uploads\/2025\/10\/camel-6482583_1280-edited.jpg\" alt=\"\" class=\"wp-image-207 size-full\" style=\"object-position:50% 50%\" srcset=\"https:\/\/indepassion.com\/wp-content\/uploads\/2025\/10\/camel-6482583_1280-edited.jpg 961w, https:\/\/indepassion.com\/wp-content\/uploads\/2025\/10\/camel-6482583_1280-edited-300x300.jpg 300w, https:\/\/indepassion.com\/wp-content\/uploads\/2025\/10\/camel-6482583_1280-edited-150x150.jpg 150w, https:\/\/indepassion.com\/wp-content\/uploads\/2025\/10\/camel-6482583_1280-edited-768x768.jpg 768w\" sizes=\"auto, (max-width: 961px) 100vw, 961px\" \/><\/figure><div class=\"wp-block-media-text__content\">\n<p>Au-del\u00e0 des forts et des palais, le Rajasthan poss\u00e8de des merveilles naturelles. Le d\u00e9sert du Thar offre des safaris \u00e0 dos de chameau, des nuits \u00e9toil\u00e9es sous la tente et des aventures sur les dunes. Les monts Aravalli apportent verdure \u00e0 cette terre de sable, avec des lacs paisibles comme le lac Pichola, le Fateh Sagar et le Sambhar (le plus grand lac sal\u00e9 de l\u2019Inde).<\/p>\n<\/div><\/div>\n\n\n\n<p>Pour les amoureux de la faune, le parc national de Ranthambore, la r\u00e9serve de tigres de Sariska et le sanctuaire ornithologique de Keoladeo Ghana (site class\u00e9 UNESCO) permettent d\u2019observer tigres, l\u00e9opards, oiseaux migrateurs et autres esp\u00e8ces exotiques.<\/p>\n\n\n\n<hr class=\"wp-block-separator has-alpha-channel-opacity\"\/>\n\n\n\n<div class=\"wp-block-group has-base-2-background-color has-background has-medium-font-size is-content-justification-center is-nowrap is-layout-flex wp-container-core-group-is-layout-e393d69f wp-block-group-is-layout-flex\" style=\"border-radius:33px;min-height:225px;padding-top:var(--wp--preset--spacing--50);padding-right:0;padding-bottom:var(--wp--preset--spacing--50);padding-left:0;background-image:url(&#039;https:\/\/indepassion.com\/wp-content\/uploads\/2025\/10\/blue-4453955_1920.jpg&#039;);background-size:cover;\">\n<h2 class=\"wp-block-heading has-base-color has-text-color has-link-color wp-elements-664a4b225e76df3895c2d1fe4ff5397d\">Villes au charme royal<\/h2>\n<\/div>\n\n\n\n<div class=\"wp-block-group is-nowrap is-layout-flex wp-container-core-group-is-layout-6c531013 wp-block-group-is-layout-flex\">\n<ul class=\"wp-block-list\">\n<li><strong>Jaipur \u2013 La Ville Rose<\/strong> : C\u00e9l\u00e8bre pour l\u2019Amber Fort, le City Palace, le Hawa Mahal, le Jantar Mantar et ses bazars anim\u00e9s.<\/li>\n\n\n\n<li><strong>Udaipur \u2013 La Ville des Lacs<\/strong> : Destination romantique avec le lac Pichola, le Jag Mandir et le City Palace.<\/li>\n\n\n\n<li><strong>Jodhpur \u2013 La Ville Bleue<\/strong> : Connue pour le Mehrangarh Fort et ses maisons bleues.<\/li>\n\n\n\n<li><strong>Jaisalmer \u2013 La Ville Dor\u00e9e<\/strong> : Renomm\u00e9e pour son fort, les dunes de Sam et ses exp\u00e9riences d\u00e9sertiques.<\/li>\n\n\n\n<li><strong>Pushkar<\/strong> : C\u00e9l\u00e8bre pour son lac sacr\u00e9 et le seul temple d\u00e9di\u00e9 \u00e0 Brahma au monde.<\/li>\n\n\n\n<li><strong>Ajmer<\/strong> : Ville spirituelle avec le sanctuaire d\u2019Ajmer Sharif.<\/li>\n\n\n\n<li><strong>Bikaner<\/strong> : Junagarh Fort, temple de Karni Mata et safaris \u00e0 dos de chameau.<\/li>\n\n\n\n<li><strong>Mount Abu<\/strong> : La seule station de montagne du Rajasthan, connue pour les temples ja\u00efns de Dilwara.<\/li>\n<\/ul>\n<\/div>\n\n\n\n<hr class=\"wp-block-separator has-alpha-channel-opacity\"\/>\n\n\n\n<h2 class=\"wp-block-heading\">Cuisine du Rajasthan<\/h2>\n\n\n\n<p>La gastronomie du Rajasthan est aussi royale que son patrimoine. Du c\u00e9l\u00e8bre Dal Baati Churma au Gatte ki Sabzi, Ker Sangri, Laal Maas et Ghevar, en passant par les snacks traditionnels comme le Pyaaz Kachori et le Mirchi Vada, l\u2019\u00c9tat offre un v\u00e9ritable festin aux gourmets, sans oublier la street food pour les adeptes d&rsquo;un voyage au coeur de cette culture culinaire. Chaque r\u00e9gion a ses sp\u00e9cialit\u00e9s : currys \u00e9pic\u00e9s de Jodhpur, douceurs de Jaipur, ou encore produits \u00e0 base de lait de chamelle de Bikaner.<\/p>\n\n\n\n<hr class=\"wp-block-separator has-alpha-channel-opacity\"\/>\n\n\n\n<h2 class=\"wp-block-heading\">Pourquoi visiter le Rajasthan ?<\/h2>\n\n\n\n<p>Le Rajasthan n\u2019est pas seulement une destination : c\u2019est une exp\u00e9rience de couleurs, de culture et d\u2019histoire. Que vous recherchiez patrimoine, aventure, spiritualit\u00e9 ou luxe, le Rajasthan accueille chaque voyageur avec chaleur. S\u00e9journez dans des h\u00f4tels et palais historiques, explorez des forts anciens, chevauchez un chameau dans le d\u00e9sert, profitez d\u2019un coucher de soleil en bateau \u00e0 Udaipur ou perdez-vous simplement dans les bazars anim\u00e9s\u2014chaque instant au Rajasthan ressemble \u00e0 un conte royal.<\/p>\n\n\n\n<figure class=\"wp-block-image size-large is-resized is-style-rounded is-style-rounded--1\"><img loading=\"lazy\" decoding=\"async\" width=\"1535\" height=\"1024\" src=\"https:\/\/indepassion.com\/wp-content\/uploads\/2025\/10\/9571a219-aa41-464a-bac2-d103450bade4-edited.jpg\" alt=\"\" class=\"wp-image-210\" style=\"object-fit:cover;width:600px;height:300px\" srcset=\"https:\/\/indepassion.com\/wp-content\/uploads\/2025\/10\/9571a219-aa41-464a-bac2-d103450bade4-edited.jpg 1535w, https:\/\/indepassion.com\/wp-content\/uploads\/2025\/10\/9571a219-aa41-464a-bac2-d103450bade4-edited-300x200.jpg 300w, https:\/\/indepassion.com\/wp-content\/uploads\/2025\/10\/9571a219-aa41-464a-bac2-d103450bade4-edited-1024x683.jpg 1024w, https:\/\/indepassion.com\/wp-content\/uploads\/2025\/10\/9571a219-aa41-464a-bac2-d103450bade4-edited-768x512.jpg 768w\" sizes=\"auto, (max-width: 1535px) 100vw, 1535px\" \/><\/figure>\n\n\n\n<p><\/p>\n","protected":false},"excerpt":{"rendered":"<p>Rajasthan \u2013 La Terre des Rois Le Rajasthan, plus grand \u00c9tat de l\u2019Inde, est une terre o\u00f9 l\u2019histoire respire \u00e0 travers chaque fort, chaque palais et chaque rue. Connu comme la \u00ab Terre des Rois \u00bb, cet \u00c9tat d\u00e9sertique est un mus\u00e9e vivant de bravoure, de romance, de culture et de traditions. Des dunes dor\u00e9es [&hellip;]<\/p>\n","protected":false},"author":1,"featured_media":0,"parent":0,"menu_order":0,"comment_status":"closed","ping_status":"closed","template":"","meta":{"footnotes":""},"class_list":["post-15","page","type-page","status-publish","hentry"],"_hostinger_reach_plugin_has_subscription_block":false,"_hostinger_reach_plugin_is_elementor":false,"_links":{"self":[{"href":"https:\/\/indepassion.com\/index.php?rest_route=\/wp\/v2\/pages\/15","targetHints":{"allow":["GET"]}}],"collection":[{"href":"https:\/\/indepassion.com\/index.php?rest_route=\/wp\/v2\/pages"}],"about":[{"href":"https:\/\/indepassion.com\/index.php?rest_route=\/wp\/v2\/types\/page"}],"author":[{"embeddable":true,"href":"https:\/\/indepassion.com\/index.php?rest_route=\/wp\/v2\/users\/1"}],"replies":[{"embeddable":true,"href":"https:\/\/indepassion.com\/index.php?rest_route=%2Fwp%2Fv2%2Fcomments&post=15"}],"version-history":[{"count":32,"href":"https:\/\/indepassion.com\/index.php?rest_route=\/wp\/v2\/pages\/15\/revisions"}],"predecessor-version":[{"id":280,"href":"https:\/\/indepassion.com\/index.php?rest_route=\/wp\/v2\/pages\/15\/revisions\/280"}],"wp:attachment":[{"href":"https:\/\/indepassion.com\/index.php?rest_route=%2Fwp%2Fv2%2Fmedia&parent=15"}],"curies":[{"name":"wp","href":"https:\/\/api.w.org\/{rel}","templated":true}]}}