{"id":61,"date":"2025-07-22T12:32:28","date_gmt":"2025-07-22T10:32:28","guid":{"rendered":"https:\/\/sachalitvine35.wordpress.com\/?page_id=61"},"modified":"2025-11-23T11:34:22","modified_gmt":"2025-11-23T10:34:22","slug":"mention-legales","status":"publish","type":"page","link":"https:\/\/indepassion.com\/?page_id=61","title":{"rendered":"Mentions L\u00e9gales"},"content":{"rendered":"\n<p><strong>1. \u00c9diteur du site<\/strong><br>Ce site est \u00e9dit\u00e9 par : <strong>Ravindra Shekhawat<\/strong><br>Guide touristique ind\u00e9pendant en Inde<br>T\u00e9l\u00e9phone : +919782486226<br>E-mail : heritagerajhasthantourism@gmail.com<br>Lieu d\u2019activit\u00e9 : Rajahstan, Inde<\/p>\n\n\n\n<hr class=\"wp-block-separator has-alpha-channel-opacity\"\/>\n\n\n\n<p><strong>2. H\u00e9bergement<\/strong><br>Le site est h\u00e9berg\u00e9 par : Hostinger<br>Site web : <a href=\"https:\/\/www.hostinger.com\/fr\">https:\/\/www.hostinger.com\/fr<\/a><\/p>\n\n\n\n<hr class=\"wp-block-separator has-alpha-channel-opacity\"\/>\n\n\n\n<p><strong>3. Cr\u00e9ation du site<\/strong><br>Conception et d\u00e9veloppement : Sacha Litvine<br>Contact : Sachalitvine35@gmail.com<\/p>\n\n\n\n<hr class=\"wp-block-separator has-alpha-channel-opacity\"\/>\n\n\n\n<p><strong>4. Objet du site<\/strong><br>Le site a pour objectif de pr\u00e9senter les activit\u00e9s et services propos\u00e9s par Ravindra Shekhawat en tant que guide touristique ind\u00e9pendant en Inde.<br>Il ne s\u2019agit pas d\u2019un site de commerce en ligne : aucune vente ou r\u00e9servation n\u2019est effectu\u00e9e directement sur le site.<\/p>\n\n\n\n<hr class=\"wp-block-separator has-alpha-channel-opacity\"\/>\n\n\n\n<p><strong>5. Donn\u00e9es personnelles<\/strong><br>Ce site ne collecte pas de donn\u00e9es personnelles, sauf celles fournies volontairement par les visiteurs lorsqu\u2019ils contactent le guide (par t\u00e9l\u00e9phone ou e-mail).<br>Ces informations sont utilis\u00e9es uniquement pour r\u00e9pondre aux demandes et ne sont transmises \u00e0 aucun tiers.<br>Pour toute demande de suppression de vos informations, vous pouvez \u00e9crire \u00e0 : heritagerajhasthantourism@gmail.com<\/p>\n\n\n\n<hr class=\"wp-block-separator has-alpha-channel-opacity\"\/>\n\n\n\n<p><strong>6. Propri\u00e9t\u00e9 intellectuelle<\/strong><br>L\u2019ensemble du contenu de ce site (textes, photographies, logos, etc.) est la propri\u00e9t\u00e9 de <strong>Ravindra Shekhawat<\/strong>, sauf mention contraire.<br>Toute reproduction, m\u00eame partielle, sans autorisation pr\u00e9alable est interdite.<\/p>\n\n\n\n<hr class=\"wp-block-separator has-alpha-channel-opacity\"\/>\n\n\n\n<p><strong>7. Responsabilit\u00e9<\/strong><br>L\u2019\u00e9diteur du site s\u2019efforce de fournir des informations exactes et \u00e0 jour, mais ne peut garantir l\u2019exactitude de toutes les donn\u00e9es pr\u00e9sent\u00e9es.<br>Le site ne peut \u00eatre tenu responsable d\u2019\u00e9ventuelles erreurs ou interruptions de service.<\/p>\n\n\n\n<hr class=\"wp-block-separator has-alpha-channel-opacity\"\/>\n\n\n\n<p><strong>8. Contact<\/strong><br>Pour toute question concernant le site ou les services propos\u00e9s :<br>heritagerajhasthantourism@gmail.com<br>+919782486226<\/p>\n","protected":false},"excerpt":{"rendered":"<p>1. \u00c9diteur du siteCe site est \u00e9dit\u00e9 par : Ravindra ShekhawatGuide touristique ind\u00e9pendant en IndeT\u00e9l\u00e9phone : +919782486226E-mail : heritagerajhasthantourism@gmail.comLieu d\u2019activit\u00e9 : Rajahstan, Inde 2. H\u00e9bergementLe site est h\u00e9berg\u00e9 par : HostingerSite web : https:\/\/www.hostinger.com\/fr 3. Cr\u00e9ation du siteConception et d\u00e9veloppement : Sacha LitvineContact : Sachalitvine35@gmail.com 4. Objet du siteLe site a pour objectif de pr\u00e9senter [&hellip;]<\/p>\n","protected":false},"author":1,"featured_media":0,"parent":0,"menu_order":0,"comment_status":"closed","ping_status":"closed","template":"","meta":{"footnotes":""},"class_list":["post-61","page","type-page","status-publish","hentry"],"_hostinger_reach_plugin_has_subscription_block":false,"_hostinger_reach_plugin_is_elementor":false,"_links":{"self":[{"href":"https:\/\/indepassion.com\/index.php?rest_route=\/wp\/v2\/pages\/61","targetHints":{"allow":["GET"]}}],"collection":[{"href":"https:\/\/indepassion.com\/index.php?rest_route=\/wp\/v2\/pages"}],"about":[{"href":"https:\/\/indepassion.com\/index.php?rest_route=\/wp\/v2\/types\/page"}],"author":[{"embeddable":true,"href":"https:\/\/indepassion.com\/index.php?rest_route=\/wp\/v2\/users\/1"}],"replies":[{"embeddable":true,"href":"https:\/\/indepassion.com\/index.php?rest_route=%2Fwp%2Fv2%2Fcomments&post=61"}],"version-history":[{"count":5,"href":"https:\/\/indepassion.com\/index.php?rest_route=\/wp\/v2\/pages\/61\/revisions"}],"predecessor-version":[{"id":282,"href":"https:\/\/indepassion.com\/index.php?rest_route=\/wp\/v2\/pages\/61\/revisions\/282"}],"wp:attachment":[{"href":"https:\/\/indepassion.com\/index.php?rest_route=%2Fwp%2Fv2%2Fmedia&parent=61"}],"curies":[{"name":"wp","href":"https:\/\/api.w.org\/{rel}","templated":true}]}}